{"id":11,"date":"2025-10-11T16:03:19","date_gmt":"2025-10-11T14:03:19","guid":{"rendered":"https:\/\/www.fecudep.quest\/?page_id=11"},"modified":"2025-10-13T04:10:07","modified_gmt":"2025-10-13T02:10:07","slug":"fecudep","status":"publish","type":"page","link":"https:\/\/www.fecudep.quest\/","title":{"rendered":"F\u00e9d\u00e9ration du Congo-Brazza pour l&rsquo;Unit\u00e9, le D\u00e9veloppement et le Progr\u00e8s"},"content":{"rendered":"\t\t<div data-elementor-type=\"wp-page\" data-elementor-id=\"11\" class=\"elementor elementor-11\">\n\t\t\t\t<div class=\"elementor-element elementor-element-803916e e-flex e-con-boxed e-con e-parent\" data-id=\"803916e\" data-element_type=\"container\">\n\t\t\t\t\t<div class=\"e-con-inner\">\n\t\t<div class=\"elementor-element elementor-element-2cff95c e-con-full e-flex e-con e-child\" data-id=\"2cff95c\" data-element_type=\"container\">\n\t\t\t\t<div class=\"elementor-element elementor-element-3b04e4c elementor-widget elementor-widget-heading\" data-id=\"3b04e4c\" data-element_type=\"widget\" data-widget_type=\"heading.default\">\n\t\t\t\t\t<h1 class=\"elementor-heading-title elementor-size-default\">Formations et m\u00e9tiers<\/h1>\t\t\t\t<\/div>\n\t\t\t\t<\/div>\n\t\t<div class=\"elementor-element elementor-element-5b45e46 e-con-full e-flex e-con e-child\" data-id=\"5b45e46\" data-element_type=\"container\">\n\t\t\t\t<div class=\"elementor-element elementor-element-397bd98 elementor-widget elementor-widget-heading\" data-id=\"397bd98\" data-element_type=\"widget\" data-widget_type=\"heading.default\">\n\t\t\t\t\t<h1 class=\"elementor-heading-title elementor-size-default\">Economie<\/h1>\t\t\t\t<\/div>\n\t\t\t\t<\/div>\n\t\t\t\t\t<\/div>\n\t\t\t\t<\/div>\n\t\t<div class=\"elementor-element elementor-element-a9adf49 e-flex e-con-boxed e-con e-parent\" data-id=\"a9adf49\" data-element_type=\"container\">\n\t\t\t\t\t<div class=\"e-con-inner\">\n\t\t<div class=\"elementor-element elementor-element-eb0d19c e-con-full e-flex e-con e-child\" data-id=\"eb0d19c\" data-element_type=\"container\">\n\t\t\t\t<div class=\"elementor-element elementor-element-681a0d0 elementor-widget elementor-widget-text-editor\" data-id=\"681a0d0\" data-element_type=\"widget\" data-widget_type=\"text-editor.default\">\n\t\t\t\t\t\t\t\t\t<p>\u00ab\u00a0Mon peuple p\u00e9rit parce qu\u2019il lui manque la connaissance\u00a0\u00bb (<strong>Os\u00e9e 5:8<\/strong>)<\/p><p>Le <strong><span style=\"text-decoration: underline;\">principal objectif<\/span><\/strong> de notre site est de proposer des <em><strong>formations orient\u00e9es vers la pratique<\/strong><\/em> pour permettre au plus grand nombre des congolais de Brazzaville d&rsquo;avoir une occupation leur permettant de gagner dignement sa vie.<\/p><p>Il y a pas se sot m\u00e9tier. Il n&rsquo;y a que de sottes gens. Le m\u00e9tier est ici entendu dans le sens le plus large: toute activit\u00e9 qui permet de satisfaire l\u00e9galement aux besoins de la soci\u00e9t\u00e9: ramasseur d&rsquo;ordures, balayeur des rues, menuisier, vendeuse de l\u00e9gumes, , infirmier, ing\u00e9nieur, etc.<\/p>\t\t\t\t\t\t\t\t<\/div>\n\t\t\t\t<\/div>\n\t\t<div class=\"elementor-element elementor-element-0abb5c5 e-con-full e-flex e-con e-child\" data-id=\"0abb5c5\" data-element_type=\"container\">\n\t\t\t\t<div class=\"elementor-element elementor-element-80352d6 elementor-widget elementor-widget-text-editor\" data-id=\"80352d6\" data-element_type=\"widget\" data-widget_type=\"text-editor.default\">\n\t\t\t\t\t\t\t\t\t<p>L&rsquo;<b>\u00e9conomie de la r\u00e9publique du Congo<\/b> repose principalement sur l&rsquo;exploitation des <a title=\"Hydrocarbure\" href=\"https:\/\/fr.wikipedia.org\/wiki\/Hydrocarbure\">hydrocarbures<\/a> le long de la c\u00f4te atlantique. Le <a title=\"Bois\" href=\"https:\/\/fr.wikipedia.org\/wiki\/Bois\">bois<\/a>, les services, et une <a title=\"Agriculture\" href=\"https:\/\/fr.wikipedia.org\/wiki\/Agriculture\">agriculture<\/a> embryonnaire constituant le reste de l&rsquo;activit\u00e9. Le Congo est un <a title=\"Pays en d\u00e9veloppement\" href=\"https:\/\/fr.wikipedia.org\/wiki\/Pays_en_d%C3%A9veloppement\">pays en d\u00e9veloppement<\/a>, inclus dans l&rsquo;<a title=\"Initiative pays pauvres tr\u00e8s endett\u00e9s\" href=\"https:\/\/fr.wikipedia.org\/wiki\/Initiative_pays_pauvres_tr%C3%A8s_endett%C3%A9s\">Initiative pays pauvres tr\u00e8s endett\u00e9s<\/a> (IPPTE)<sup id=\"cite_ref-6\" class=\"reference\"><a title=\"\" href=\"https:\/\/fr.wikipedia.org\/wiki\/%C3%89conomie_de_la_r%C3%A9publique_du_Congo#cite_note-6\"><span class=\"cite-bracket\">[<\/span>6<span class=\"cite-bracket\">]<\/span><\/a><\/sup>.<\/p><p><span data-huuid=\"5669214290985303748\">Le Congo-Brazzaville a une population d&rsquo;environ 6,1 millions d&rsquo;habitants, avec une densit\u00e9 de population de 17,96 habitants au km\u00b2. <\/span><span data-huuid=\"5669214290985300805\">Le taux de croissance d\u00e9mographique est \u00e9lev\u00e9 (3,2 %).<span class=\"pjBG2e\" data-cid=\"266fd24c-e7d7-45de-a9b1-5abf7e4d89be\"><span class=\"UV3uM\">\u00a0<\/span><\/span><\/span><\/p><div class=\"NPrrbc\" data-cid=\"266fd24c-e7d7-45de-a9b1-5abf7e4d89be\" data-uuids=\"5669214290985302595,5669214290985303748,5669214290985300805\"><div class=\"BMebGe btku5b LwdV0e FR7ZSc OJeuxf\" tabindex=\"0\" role=\"button\" aria-label=\"Afficher les liens associ\u00e9s\" data-hveid=\"CCUQAQ\" data-ved=\"2ahUKEwjer9LV052QAxUDSKQEHezgCbEQ3fYKegQIJRAB\"><div class=\"niO4u\">\u00a0<\/div><\/div><\/div><p>\u00a0<\/p>\t\t\t\t\t\t\t\t<\/div>\n\t\t\t\t<\/div>\n\t\t\t\t\t<\/div>\n\t\t\t\t<\/div>\n\t\t\t\t<\/div>\n\t\t","protected":false},"excerpt":{"rendered":"<p>Formations et m\u00e9tiers Economie \u00ab\u00a0Mon peuple p\u00e9rit parce qu\u2019il lui manque la connaissance\u00a0\u00bb (Os\u00e9e 5:8) Le principal objectif de notre site est de proposer des formations orient\u00e9es vers la pratique pour permettre au plus grand nombre des congolais de Brazzaville d&rsquo;avoir une occupation leur permettant de gagner dignement sa vie. Il y a pas se [&hellip;]<\/p>\n","protected":false},"author":1,"featured_media":0,"parent":0,"menu_order":0,"comment_status":"closed","ping_status":"closed","template":"elementor_header_footer","meta":{"footnotes":""},"class_list":["post-11","page","type-page","status-publish","hentry"],"_links":{"self":[{"href":"https:\/\/www.fecudep.quest\/index.php?rest_route=\/wp\/v2\/pages\/11","targetHints":{"allow":["GET"]}}],"collection":[{"href":"https:\/\/www.fecudep.quest\/index.php?rest_route=\/wp\/v2\/pages"}],"about":[{"href":"https:\/\/www.fecudep.quest\/index.php?rest_route=\/wp\/v2\/types\/page"}],"author":[{"embeddable":true,"href":"https:\/\/www.fecudep.quest\/index.php?rest_route=\/wp\/v2\/users\/1"}],"replies":[{"embeddable":true,"href":"https:\/\/www.fecudep.quest\/index.php?rest_route=%2Fwp%2Fv2%2Fcomments&post=11"}],"version-history":[{"count":58,"href":"https:\/\/www.fecudep.quest\/index.php?rest_route=\/wp\/v2\/pages\/11\/revisions"}],"predecessor-version":[{"id":150,"href":"https:\/\/www.fecudep.quest\/index.php?rest_route=\/wp\/v2\/pages\/11\/revisions\/150"}],"wp:attachment":[{"href":"https:\/\/www.fecudep.quest\/index.php?rest_route=%2Fwp%2Fv2%2Fmedia&parent=11"}],"curies":[{"name":"wp","href":"https:\/\/api.w.org\/{rel}","templated":true}]}}