{"id":54,"date":"2025-10-11T21:44:54","date_gmt":"2025-10-11T19:44:54","guid":{"rendered":"https:\/\/www.fecudep.quest\/?page_id=54"},"modified":"2025-10-13T21:55:17","modified_gmt":"2025-10-13T19:55:17","slug":"formations-et-metiers","status":"publish","type":"page","link":"https:\/\/www.fecudep.quest\/?page_id=54","title":{"rendered":"Formations et m\u00e9tiers"},"content":{"rendered":"<p>Les formations que nous proposons sont r\u00e9solument tourn\u00e9es vers la pratique. Les formations se passent en ligne et sur place au Congo-Brazzaville. Les fili\u00e8res suivantes, prioritaires, mais pas exhaustives sont disponibles.<\/p>\n<ul>\n<li>D\u00e9veloppement web<\/li>\n<li>\u00c9lectricit\u00e9 b\u00e2timent<\/li>\n<li>\u00c9lectronique<\/li>\n<li>\u00c9lectrotechnique<\/li>\n<li>Gestion des r\u00e9seaux sociaux<\/li>\n<li>G\u00e9nie Civil<\/li>\n<li>G\u00e9nie \u00c9lectrique<\/li>\n<li>Gestion, traitement et valorisation des d\u00e9chets<\/li>\n<li>Informatique bureautique<\/li>\n<\/ul>\n<p>Inscrivez-vous en suivant ce lien:<\/p>\n<p>&nbsp;<\/p>\n<p>&nbsp;<\/p>\n","protected":false},"excerpt":{"rendered":"<p>Les formations que nous proposons sont r\u00e9solument tourn\u00e9es vers la pratique. Les formations se passent en ligne et sur place au Congo-Brazzaville. Les fili\u00e8res suivantes, prioritaires, mais pas exhaustives sont disponibles. D\u00e9veloppement web \u00c9lectricit\u00e9 b\u00e2timent \u00c9lectronique \u00c9lectrotechnique Gestion des r\u00e9seaux sociaux G\u00e9nie Civil G\u00e9nie \u00c9lectrique Gestion, traitement et valorisation des d\u00e9chets Informatique bureautique Inscrivez-vous en [&hellip;]<\/p>\n","protected":false},"author":1,"featured_media":0,"parent":0,"menu_order":0,"comment_status":"closed","ping_status":"closed","template":"","meta":{"footnotes":""},"class_list":["post-54","page","type-page","status-publish","hentry"],"_links":{"self":[{"href":"https:\/\/www.fecudep.quest\/index.php?rest_route=\/wp\/v2\/pages\/54","targetHints":{"allow":["GET"]}}],"collection":[{"href":"https:\/\/www.fecudep.quest\/index.php?rest_route=\/wp\/v2\/pages"}],"about":[{"href":"https:\/\/www.fecudep.quest\/index.php?rest_route=\/wp\/v2\/types\/page"}],"author":[{"embeddable":true,"href":"https:\/\/www.fecudep.quest\/index.php?rest_route=\/wp\/v2\/users\/1"}],"replies":[{"embeddable":true,"href":"https:\/\/www.fecudep.quest\/index.php?rest_route=%2Fwp%2Fv2%2Fcomments&post=54"}],"version-history":[{"count":6,"href":"https:\/\/www.fecudep.quest\/index.php?rest_route=\/wp\/v2\/pages\/54\/revisions"}],"predecessor-version":[{"id":156,"href":"https:\/\/www.fecudep.quest\/index.php?rest_route=\/wp\/v2\/pages\/54\/revisions\/156"}],"wp:attachment":[{"href":"https:\/\/www.fecudep.quest\/index.php?rest_route=%2Fwp%2Fv2%2Fmedia&parent=54"}],"curies":[{"name":"wp","href":"https:\/\/api.w.org\/{rel}","templated":true}]}}